{"id":539,"date":"2020-09-02T14:07:51","date_gmt":"2020-09-02T14:07:51","guid":{"rendered":"https:\/\/sewersol.com\/?page_id=539"},"modified":"2025-08-08T21:21:32","modified_gmt":"2025-08-08T21:21:32","slug":"fixture-faucet-installation","status":"publish","type":"page","link":"https:\/\/sewersol.com\/es\/fixture-faucet-installation\/","title":{"rendered":"Instalaci\u00f3n de grifer\u00eda y accesorios"},"content":{"rendered":"<div data-elementor-type=\"wp-page\" data-elementor-id=\"539\" class=\"elementor elementor-539\" data-elementor-post-type=\"page\">\n\t\t\t\t\t\t<section class=\"elementor-section elementor-top-section elementor-element elementor-element-263d474c elementor-section-full_width elementor-section-height-default elementor-section-height-default\" data-id=\"263d474c\" data-element_type=\"section\" data-e-type=\"section\">\n\t\t\t\t\t\t<div class=\"elementor-container elementor-column-gap-no\">\n\t\t\t\t\t<div class=\"elementor-column elementor-col-100 elementor-top-column elementor-element elementor-element-45de33b8\" data-id=\"45de33b8\" data-element_type=\"column\" data-e-type=\"column\">\n\t\t\t<div class=\"elementor-widget-wrap elementor-element-populated\">\n\t\t\t\t\t\t<div class=\"elementor-element elementor-element-23e227de elementor-widget elementor-widget-global elementor-global-2875 elementor-widget-html\" data-id=\"23e227de\" data-element_type=\"widget\" data-e-type=\"widget\" data-widget_type=\"html.default\">\n\t\t\t\t\t<!-- ARCHIFX: ANGLED FLOW BREAKER (FLIPPED FOR FLAT TOP) -->\r\n<div style=\"position: relative; width: 100%; height: 160px; overflow: hidden; line-height: 0;\">\r\n  <svg viewbox=\"0 0 1200 160\" preserveaspectratio=\"none\" style=\"position:absolute; width:100%; height:100%; transform: scaleY(-1);\">\r\n    \r\n    <!-- BACK LAYER: dark gray jagged channel -->\r\n    <path fill=\"#1B1B1B\">\r\n      <animate attributename=\"d\" dur=\"20s\" repeatcount=\"indefinite\" values=\"        M0,50 L150,40 L300,60 L450,50 L600,70 L750,50 L900,60 L1050,40 L1200,50 L1200,160 L0,160 Z;        M0,55 L150,45 L300,65 L450,55 L600,75 L750,55 L900,65 L1050,45 L1200,55 L1200,160 L0,160 Z;        M0,50 L150,40 L300,60 L450,50 L600,70 L750,50 L900,60 L1050,40 L1200,50 L1200,160 L0,160 Z      \" \/>\r\n    <\/path>\r\n\r\n    <!-- FRONT LAYER: brand red with offset cuts -->\r\n    <path fill=\"#8B2323\" opacity=\"0.9\">\r\n      <animate attributename=\"d\" dur=\"24s\" repeatcount=\"indefinite\" values=\"        M0,90 L120,80 L240,100 L360,85 L480,105 L600,85 L720,100 L840,80 L960,95 L1080,85 L1200,90 L1200,160 L0,160 Z;        M0,95 L120,85 L240,105 L360,90 L480,110 L600,90 L720,105 L840,85 L960,100 L1080,90 L1200,95 L1200,160 L0,160 Z;        M0,90 L120,80 L240,100 L360,85 L480,105 L600,85 L720,100 L840,80 L960,95 L1080,85 L1200,90 L1200,160 L0,160 Z      \" \/>\r\n    <\/path>\r\n\r\n  <\/svg>\r\n<\/div>\r\n<!-- ARCHIFX END -->\r\n\t\t\t\t<\/div>\n\t\t\t\t\t<\/div>\n\t\t<\/div>\n\t\t\t\t\t<\/div>\n\t\t<\/section>\n\t\t\t\t<section class=\"elementor-section elementor-top-section elementor-element elementor-element-ed96d64 elementor-section-height-min-height elementor-section-boxed elementor-section-height-default elementor-section-items-middle\" data-id=\"ed96d64\" data-element_type=\"section\" data-e-type=\"section\" data-settings=\"{&quot;background_background&quot;:&quot;classic&quot;}\">\n\t\t\t\t\t\t<div class=\"elementor-container elementor-column-gap-no\">\n\t\t\t\t\t<div class=\"elementor-column elementor-col-50 elementor-top-column elementor-element elementor-element-1a386f4d\" data-id=\"1a386f4d\" data-element_type=\"column\" data-e-type=\"column\">\n\t\t\t<div class=\"elementor-widget-wrap elementor-element-populated\">\n\t\t\t\t\t\t<div class=\"elementor-element elementor-element-2d8ccae4 elementor-widget elementor-widget-text-editor\" data-id=\"2d8ccae4\" data-element_type=\"widget\" data-e-type=\"widget\" data-widget_type=\"text-editor.default\">\n\t\t\t\t\t\t\t\t\t<h2>Instalaciones de fontaner\u00eda en Miami y Fort Lauderdale<\/h2>\n<p>Los accesorios de plomer\u00eda defectuosos pueden causar fugas, desperdicio de agua y da\u00f1os costosos a su hogar o negocio. En Miami y Fort Lauderdale, muchas propiedades todav\u00eda tienen grifos viejos, lavabos, duchas e inodoros que son ineficientes o propensos a fallar. Sewer Solutions ofrece servicios profesionales de instalaci\u00f3n y reemplazo de accesorios de plomer\u00eda para asegurar que sus desag\u00fces y l\u00edneas de agua fluyan correctamente y de forma fiable.<\/p>\n<ul>\n  <li>Sustituya los grifos viejos, con fugas o corro\u00eddos para evitar el derroche de agua y las manchas<\/li>\n  <li>Instale nuevos lavabos, ba\u00f1eras y duchas con conexiones seguras y sin fugas<\/li>\n  <li>Modernice los grifos para ahorrar agua y reducir la factura de los servicios.<\/li>\n  <li>Repare la baja presi\u00f3n del agua y los desag\u00fces lentos causados por v\u00e1lvulas desgastadas o conexiones deficientes.<\/li>\n  <li>Aseg\u00farese de que cada instalaci\u00f3n cumple la normativa y est\u00e1 hecha para durar<\/li>\n<\/ul>\n<h3>Sirviendo a Miami y Fort Lauderdale - llame a Sewer Solutions hoy para instalaciones de plomer\u00eda expertas que protegen su hogar y mejoran la eficiencia de su agua.<\/h3>\n\t\t\t\t\t\t\t\t<\/div>\n\t\t\t\t<div class=\"elementor-element elementor-element-37350d88 elementor-mobile-align-justify elementor-align-left elementor-widget elementor-widget-global elementor-global-3000 elementor-widget-button\" data-id=\"37350d88\" data-element_type=\"widget\" data-e-type=\"widget\" data-widget_type=\"button.default\">\n\t\t\t\t\t\t\t\t\t\t<a class=\"elementor-button elementor-button-link elementor-size-sm\" href=\"#elementor-action%3Aaction%3Dpopup%3Aopen%26settings%3DeyJpZCI6IjI3NzciLCJ0b2dnbGUiOmZhbHNlfQ%3D%3D\">\n\t\t\t\t\t\t<span class=\"elementor-button-content-wrapper\">\n\t\t\t\t\t\t<span class=\"elementor-button-icon\">\n\t\t\t\t<i aria-hidden=\"true\" class=\"fas fa-long-arrow-alt-right\"><\/i>\t\t\t<\/span>\n\t\t\t\t\t\t\t\t\t<span class=\"elementor-button-text\">Reservar una inspecci\u00f3n de alcantarillado<\/span>\n\t\t\t\t\t<\/span>\n\t\t\t\t\t<\/a>\n\t\t\t\t\t\t\t\t<\/div>\n\t\t\t\t\t<\/div>\n\t\t<\/div>\n\t\t\t\t<div class=\"elementor-column elementor-col-50 elementor-top-column elementor-element elementor-element-1b36b273\" data-id=\"1b36b273\" data-element_type=\"column\" data-e-type=\"column\" data-settings=\"{&quot;background_background&quot;:&quot;classic&quot;}\">\n\t\t\t<div class=\"elementor-widget-wrap elementor-element-populated\">\n\t\t\t\t\t\t<div class=\"elementor-element elementor-element-3b623716 elementor-widget elementor-widget-image\" data-id=\"3b623716\" data-element_type=\"widget\" data-e-type=\"widget\" data-widget_type=\"image.default\">\n\t\t\t\t\t\t\t\t\t\t\t\t\t\t\t\t<a href=\"https:\/\/sewersol.com\/wp-content\/uploads\/2025\/08\/plumbing-fixture-installation-miami.png\" data-elementor-open-lightbox=\"yes\" data-elementor-lightbox-title=\"plumbing-fixture-installation-miami\" data-elementor-lightbox-description=\"plumbing-fixture-installation-miami\" data-e-action-hash=\"#elementor-action%3Aaction%3Dlightbox%26settings%3DeyJpZCI6MzEwMCwidXJsIjoiaHR0cHM6XC9cL3Nld2Vyc29sLmNvbVwvd3AtY29udGVudFwvdXBsb2Fkc1wvMjAyNVwvMDhcL3BsdW1iaW5nLWZpeHR1cmUtaW5zdGFsbGF0aW9uLW1pYW1pLnBuZyJ9\">\n\t\t\t\t\t\t\t<img fetchpriority=\"high\" decoding=\"async\" width=\"683\" height=\"1024\" src=\"https:\/\/sewersol.com\/wp-content\/uploads\/2025\/08\/plumbing-fixture-installation-miami-683x1024.png\" class=\"attachment-large size-large wp-image-3100\" alt=\"plumbing-fixture-installation-miami\" srcset=\"https:\/\/sewersol.com\/wp-content\/uploads\/2025\/08\/plumbing-fixture-installation-miami-683x1024.png 683w, https:\/\/sewersol.com\/wp-content\/uploads\/2025\/08\/plumbing-fixture-installation-miami-200x300.png 200w, https:\/\/sewersol.com\/wp-content\/uploads\/2025\/08\/plumbing-fixture-installation-miami-768x1152.png 768w, https:\/\/sewersol.com\/wp-content\/uploads\/2025\/08\/plumbing-fixture-installation-miami.png 1024w\" sizes=\"(max-width: 683px) 100vw, 683px\" \/>\t\t\t\t\t\t\t\t<\/a>\n\t\t\t\t\t\t\t\t\t\t\t\t\t\t\t<\/div>\n\t\t\t\t\t<\/div>\n\t\t<\/div>\n\t\t\t\t\t<\/div>\n\t\t<\/section>\n\t\t\t\t<section class=\"elementor-section elementor-top-section elementor-element elementor-element-356f8627 elementor-section-full_width elementor-section-height-default elementor-section-height-default\" data-id=\"356f8627\" data-element_type=\"section\" data-e-type=\"section\">\n\t\t\t\t\t\t<div class=\"elementor-container elementor-column-gap-no\">\n\t\t\t\t\t<div class=\"elementor-column elementor-col-100 elementor-top-column elementor-element elementor-element-611165d0\" data-id=\"611165d0\" data-element_type=\"column\" data-e-type=\"column\">\n\t\t\t<div class=\"elementor-widget-wrap elementor-element-populated\">\n\t\t\t\t\t\t<div class=\"elementor-element elementor-element-7290e49c elementor-widget elementor-widget-global elementor-global-2878 elementor-widget-html\" data-id=\"7290e49c\" data-element_type=\"widget\" data-e-type=\"widget\" data-widget_type=\"html.default\">\n\t\t\t\t\t<!-- ARCHIFX: FULLY ORGANIC ANGLED FLOW BREAKER (NO FLAT EDGES) -->\r\n<div style=\"position: relative; width: 100%; height: 180px; overflow: hidden; line-height: 0;\">\r\n  <svg viewbox=\"0 0 1200 180\" preserveaspectratio=\"none\" style=\"position:absolute; width:100%; height:100%;\">\r\n    \r\n    <!-- BACK LAYER -->\r\n    <path fill=\"#1B1B1B\">\r\n      <animate attributename=\"d\" dur=\"20s\" repeatcount=\"indefinite\" values=\"        M0,40 L120,50 L240,30 L360,45 L480,25 L600,50 L720,30 L840,45 L960,35 L1080,50 L1200,40         L1200,140 L1080,130 L960,150 L840,135 L720,155 L600,130 L480,150 L360,135 L240,145 L120,130 L0,140 Z;        M0,50 L120,40 L240,35 L360,55 L480,30 L600,45 L720,35 L840,55 L960,40 L1080,45 L1200,50        L1200,150 L1080,140 L960,155 L840,145 L720,160 L600,140 L480,155 L360,145 L240,150 L120,140 L0,150 Z;        M0,40 L120,50 L240,30 L360,45 L480,25 L600,50 L720,30 L840,45 L960,35 L1080,50 L1200,40         L1200,140 L1080,130 L960,150 L840,135 L720,155 L600,130 L480,150 L360,135 L240,145 L120,130 L0,140 Z      \" \/>\r\n    <\/path>\r\n\r\n    <!-- FRONT LAYER -->\r\n    <path fill=\"#8B2323\" opacity=\"0.9\">\r\n      <animate attributename=\"d\" dur=\"24s\" repeatcount=\"indefinite\" values=\"        M0,70 L150,60 L300,80 L450,65 L600,85 L750,65 L900,80 L1050,60 L1200,70        L1200,170 L1050,160 L900,175 L750,165 L600,180 L450,165 L300,175 L150,160 L0,170 Z;        M0,75 L150,65 L300,85 L450,70 L600,90 L750,70 L900,85 L1050,65 L1200,75        L1200,175 L1050,165 L900,180 L750,170 L600,185 L450,170 L300,180 L150,165 L0,175 Z;        M0,70 L150,60 L300,80 L450,65 L600,85 L750,65 L900,80 L1050,60 L1200,70        L1200,170 L1050,160 L900,175 L750,165 L600,180 L450,165 L300,175 L150,160 L0,170 Z      \" \/>\r\n    <\/path>\r\n\r\n  <\/svg>\r\n<\/div>\r\n<!-- ARCHIFX END -->\r\n\t\t\t\t<\/div>\n\t\t\t\t\t<\/div>\n\t\t<\/div>\n\t\t\t\t\t<\/div>\n\t\t<\/section>\n\t\t\t\t<section class=\"elementor-section elementor-top-section elementor-element elementor-element-136f6ef1 elementor-section-boxed elementor-section-height-default elementor-section-height-default\" data-id=\"136f6ef1\" data-element_type=\"section\" data-e-type=\"section\" data-settings=\"{&quot;background_background&quot;:&quot;classic&quot;}\">\n\t\t\t\t\t\t\t<div class=\"elementor-background-overlay\"><\/div>\n\t\t\t\t\t\t\t<div class=\"elementor-container elementor-column-gap-default\">\n\t\t\t\t\t<div class=\"elementor-column elementor-col-100 elementor-top-column elementor-element elementor-element-ae6fa40\" data-id=\"ae6fa40\" data-element_type=\"column\" data-e-type=\"column\">\n\t\t\t<div class=\"elementor-widget-wrap elementor-element-populated\">\n\t\t\t\t\t\t<div class=\"elementor-element elementor-element-75a02217 elementor-widget elementor-widget-global elementor-global-2859 elementor-widget-html\" data-id=\"75a02217\" data-element_type=\"widget\" data-e-type=\"widget\" data-widget_type=\"html.default\">\n\t\t\t\t\t<div data-romw-token=\"5TSJ4d7gc6yHr6VMt9wbRUr0IKVkyK99R3ioVPfhYm4lVqYBM0\"><\/div>\r\n<script src=\"https:\/\/reviewsonmywebsite.com\/js\/v2\/embed.js?id=377a80de0e62b5b76bc392e9f00190f9\" type=\"text\/javascript\"><\/script>\t\t\t\t<\/div>\n\t\t\t\t<div class=\"elementor-element elementor-element-f18087f elementor-mobile-align-justify elementor-align-center elementor-widget elementor-widget-global elementor-global-2856 elementor-widget-button\" data-id=\"f18087f\" data-element_type=\"widget\" data-e-type=\"widget\" data-widget_type=\"button.default\">\n\t\t\t\t\t\t\t\t\t\t<a class=\"elementor-button elementor-button-link elementor-size-sm\" href=\"https:\/\/sewersol.com\/es\/reviews\/\">\n\t\t\t\t\t\t<span class=\"elementor-button-content-wrapper\">\n\t\t\t\t\t\t<span class=\"elementor-button-icon\">\n\t\t\t\t<i aria-hidden=\"true\" class=\"far fa-comment\"><\/i>\t\t\t<\/span>\n\t\t\t\t\t\t\t\t\t<span class=\"elementor-button-text\">Lea aqu\u00ed todas las cr\u00edticas<\/span>\n\t\t\t\t\t<\/span>\n\t\t\t\t\t<\/a>\n\t\t\t\t\t\t\t\t<\/div>\n\t\t\t\t\t<\/div>\n\t\t<\/div>\n\t\t\t\t\t<\/div>\n\t\t<\/section>\n\t\t\t\t<section class=\"elementor-section elementor-top-section elementor-element elementor-element-c5ed999 elementor-section-full_width elementor-section-height-default elementor-section-height-default\" data-id=\"c5ed999\" data-element_type=\"section\" data-e-type=\"section\">\n\t\t\t\t\t\t<div class=\"elementor-container elementor-column-gap-no\">\n\t\t\t\t\t<div class=\"elementor-column elementor-col-100 elementor-top-column elementor-element elementor-element-5c2ba68c\" data-id=\"5c2ba68c\" data-element_type=\"column\" data-e-type=\"column\">\n\t\t\t<div class=\"elementor-widget-wrap elementor-element-populated\">\n\t\t\t\t\t\t<div class=\"elementor-element elementor-element-760b102f elementor-widget elementor-widget-global elementor-global-2878 elementor-widget-html\" data-id=\"760b102f\" data-element_type=\"widget\" data-e-type=\"widget\" data-widget_type=\"html.default\">\n\t\t\t\t\t<!-- ARCHIFX: FULLY ORGANIC ANGLED FLOW BREAKER (NO FLAT EDGES) -->\r\n<div style=\"position: relative; width: 100%; height: 180px; overflow: hidden; line-height: 0;\">\r\n  <svg viewbox=\"0 0 1200 180\" preserveaspectratio=\"none\" style=\"position:absolute; width:100%; height:100%;\">\r\n    \r\n    <!-- BACK LAYER -->\r\n    <path fill=\"#1B1B1B\">\r\n      <animate attributename=\"d\" dur=\"20s\" repeatcount=\"indefinite\" values=\"        M0,40 L120,50 L240,30 L360,45 L480,25 L600,50 L720,30 L840,45 L960,35 L1080,50 L1200,40         L1200,140 L1080,130 L960,150 L840,135 L720,155 L600,130 L480,150 L360,135 L240,145 L120,130 L0,140 Z;        M0,50 L120,40 L240,35 L360,55 L480,30 L600,45 L720,35 L840,55 L960,40 L1080,45 L1200,50        L1200,150 L1080,140 L960,155 L840,145 L720,160 L600,140 L480,155 L360,145 L240,150 L120,140 L0,150 Z;        M0,40 L120,50 L240,30 L360,45 L480,25 L600,50 L720,30 L840,45 L960,35 L1080,50 L1200,40         L1200,140 L1080,130 L960,150 L840,135 L720,155 L600,130 L480,150 L360,135 L240,145 L120,130 L0,140 Z      \" \/>\r\n    <\/path>\r\n\r\n    <!-- FRONT LAYER -->\r\n    <path fill=\"#8B2323\" opacity=\"0.9\">\r\n      <animate attributename=\"d\" dur=\"24s\" repeatcount=\"indefinite\" values=\"        M0,70 L150,60 L300,80 L450,65 L600,85 L750,65 L900,80 L1050,60 L1200,70        L1200,170 L1050,160 L900,175 L750,165 L600,180 L450,165 L300,175 L150,160 L0,170 Z;        M0,75 L150,65 L300,85 L450,70 L600,90 L750,70 L900,85 L1050,65 L1200,75        L1200,175 L1050,165 L900,180 L750,170 L600,185 L450,170 L300,180 L150,165 L0,175 Z;        M0,70 L150,60 L300,80 L450,65 L600,85 L750,65 L900,80 L1050,60 L1200,70        L1200,170 L1050,160 L900,175 L750,165 L600,180 L450,165 L300,175 L150,160 L0,170 Z      \" \/>\r\n    <\/path>\r\n\r\n  <\/svg>\r\n<\/div>\r\n<!-- ARCHIFX END -->\r\n\t\t\t\t<\/div>\n\t\t\t\t\t<\/div>\n\t\t<\/div>\n\t\t\t\t\t<\/div>\n\t\t<\/section>\n\t\t\t\t<section class=\"elementor-section elementor-top-section elementor-element elementor-element-c23b641 elementor-section-boxed elementor-section-height-default elementor-section-height-default\" data-id=\"c23b641\" data-element_type=\"section\" data-e-type=\"section\" data-settings=\"{&quot;background_background&quot;:&quot;classic&quot;}\">\n\t\t\t\t\t\t<div class=\"elementor-container elementor-column-gap-default\">\n\t\t\t\t\t<div class=\"elementor-column elementor-col-100 elementor-top-column elementor-element elementor-element-e27097f\" data-id=\"e27097f\" data-element_type=\"column\" data-e-type=\"column\">\n\t\t\t<div class=\"elementor-widget-wrap elementor-element-populated\">\n\t\t\t\t\t\t<div class=\"elementor-element elementor-element-797b850 elementor-widget elementor-widget-heading\" data-id=\"797b850\" data-element_type=\"widget\" data-e-type=\"widget\" data-widget_type=\"heading.default\">\n\t\t\t\t\t<h2 class=\"elementor-heading-title elementor-size-default\">Instalamos y almacenamos piezas para las principales marcas de grifer\u00eda<\/h2>\t\t\t\t<\/div>\n\t\t\t\t\t<\/div>\n\t\t<\/div>\n\t\t\t\t\t<\/div>\n\t\t<\/section>\n\t\t\t\t<section class=\"elementor-section elementor-top-section elementor-element elementor-element-336213d elementor-section-boxed elementor-section-height-default elementor-section-height-default\" data-id=\"336213d\" data-element_type=\"section\" data-e-type=\"section\" data-settings=\"{&quot;background_background&quot;:&quot;classic&quot;}\">\n\t\t\t\t\t\t<div class=\"elementor-container elementor-column-gap-default\">\n\t\t\t\t\t<div class=\"elementor-column elementor-col-20 elementor-top-column elementor-element elementor-element-86edfff\" data-id=\"86edfff\" data-element_type=\"column\" data-e-type=\"column\">\n\t\t\t<div class=\"elementor-widget-wrap elementor-element-populated\">\n\t\t\t\t\t\t<div class=\"elementor-element elementor-element-ff0d3ca elementor-widget elementor-widget-image\" data-id=\"ff0d3ca\" data-element_type=\"widget\" data-e-type=\"widget\" data-widget_type=\"image.default\">\n\t\t\t\t\t\t\t\t\t\t\t\t\t\t\t<img decoding=\"async\" width=\"600\" height=\"600\" src=\"https:\/\/sewersol.com\/wp-content\/uploads\/2020\/09\/mown-plumbing-parts-miami.png\" class=\"attachment-full size-full wp-image-763\" alt=\"moen plumbing parts miami\" srcset=\"https:\/\/sewersol.com\/wp-content\/uploads\/2020\/09\/mown-plumbing-parts-miami.png 600w, https:\/\/sewersol.com\/wp-content\/uploads\/2020\/09\/mown-plumbing-parts-miami-300x300.png 300w, https:\/\/sewersol.com\/wp-content\/uploads\/2020\/09\/mown-plumbing-parts-miami-150x150.png 150w\" sizes=\"(max-width: 600px) 100vw, 600px\" \/>\t\t\t\t\t\t\t\t\t\t\t\t\t\t\t<\/div>\n\t\t\t\t\t<\/div>\n\t\t<\/div>\n\t\t\t\t<div class=\"elementor-column elementor-col-20 elementor-top-column elementor-element elementor-element-43bfd1e\" data-id=\"43bfd1e\" data-element_type=\"column\" data-e-type=\"column\">\n\t\t\t<div class=\"elementor-widget-wrap elementor-element-populated\">\n\t\t\t\t\t\t<div class=\"elementor-element elementor-element-1b3cc62 elementor-widget elementor-widget-image\" data-id=\"1b3cc62\" data-element_type=\"widget\" data-e-type=\"widget\" data-widget_type=\"image.default\">\n\t\t\t\t\t\t\t\t\t\t\t\t\t\t\t<img decoding=\"async\" width=\"600\" height=\"600\" src=\"https:\/\/sewersol.com\/wp-content\/uploads\/2020\/09\/pfister-plumbing-parts-miami.png\" class=\"attachment-large size-large wp-image-764\" alt=\"pfister plumbing parts miami\" srcset=\"https:\/\/sewersol.com\/wp-content\/uploads\/2020\/09\/pfister-plumbing-parts-miami.png 600w, https:\/\/sewersol.com\/wp-content\/uploads\/2020\/09\/pfister-plumbing-parts-miami-300x300.png 300w, https:\/\/sewersol.com\/wp-content\/uploads\/2020\/09\/pfister-plumbing-parts-miami-150x150.png 150w\" sizes=\"(max-width: 600px) 100vw, 600px\" \/>\t\t\t\t\t\t\t\t\t\t\t\t\t\t\t<\/div>\n\t\t\t\t\t<\/div>\n\t\t<\/div>\n\t\t\t\t<div class=\"elementor-column elementor-col-20 elementor-top-column elementor-element elementor-element-56b86b2\" data-id=\"56b86b2\" data-element_type=\"column\" data-e-type=\"column\">\n\t\t\t<div class=\"elementor-widget-wrap elementor-element-populated\">\n\t\t\t\t\t\t<div class=\"elementor-element elementor-element-59728d5 elementor-widget elementor-widget-image\" data-id=\"59728d5\" data-element_type=\"widget\" data-e-type=\"widget\" data-widget_type=\"image.default\">\n\t\t\t\t\t\t\t\t\t\t\t\t\t\t\t<img loading=\"lazy\" decoding=\"async\" width=\"600\" height=\"600\" src=\"https:\/\/sewersol.com\/wp-content\/uploads\/2020\/09\/kraus-plumbing-parts-miami.png\" class=\"attachment-large size-large wp-image-762\" alt=\"kraus plumbing parts miami\" srcset=\"https:\/\/sewersol.com\/wp-content\/uploads\/2020\/09\/kraus-plumbing-parts-miami.png 600w, https:\/\/sewersol.com\/wp-content\/uploads\/2020\/09\/kraus-plumbing-parts-miami-300x300.png 300w, https:\/\/sewersol.com\/wp-content\/uploads\/2020\/09\/kraus-plumbing-parts-miami-150x150.png 150w\" sizes=\"(max-width: 600px) 100vw, 600px\" \/>\t\t\t\t\t\t\t\t\t\t\t\t\t\t\t<\/div>\n\t\t\t\t\t<\/div>\n\t\t<\/div>\n\t\t\t\t<div class=\"elementor-column elementor-col-20 elementor-top-column elementor-element elementor-element-618e6ae\" data-id=\"618e6ae\" data-element_type=\"column\" data-e-type=\"column\">\n\t\t\t<div class=\"elementor-widget-wrap elementor-element-populated\">\n\t\t\t\t\t\t<div class=\"elementor-element elementor-element-a38e501 elementor-widget elementor-widget-image\" data-id=\"a38e501\" data-element_type=\"widget\" data-e-type=\"widget\" data-widget_type=\"image.default\">\n\t\t\t\t\t\t\t\t\t\t\t\t\t\t\t<img loading=\"lazy\" decoding=\"async\" width=\"600\" height=\"600\" src=\"https:\/\/sewersol.com\/wp-content\/uploads\/2020\/09\/kohler-plumbing-parts-miami.png\" class=\"attachment-large size-large wp-image-761\" alt=\"kohler plumbing parts miami\" srcset=\"https:\/\/sewersol.com\/wp-content\/uploads\/2020\/09\/kohler-plumbing-parts-miami.png 600w, https:\/\/sewersol.com\/wp-content\/uploads\/2020\/09\/kohler-plumbing-parts-miami-300x300.png 300w, https:\/\/sewersol.com\/wp-content\/uploads\/2020\/09\/kohler-plumbing-parts-miami-150x150.png 150w\" sizes=\"(max-width: 600px) 100vw, 600px\" \/>\t\t\t\t\t\t\t\t\t\t\t\t\t\t\t<\/div>\n\t\t\t\t\t<\/div>\n\t\t<\/div>\n\t\t\t\t<div class=\"elementor-column elementor-col-20 elementor-top-column elementor-element elementor-element-908cf94\" data-id=\"908cf94\" data-element_type=\"column\" data-e-type=\"column\">\n\t\t\t<div class=\"elementor-widget-wrap elementor-element-populated\">\n\t\t\t\t\t\t<div class=\"elementor-element elementor-element-8f6bfe7 elementor-widget elementor-widget-image\" data-id=\"8f6bfe7\" data-element_type=\"widget\" data-e-type=\"widget\" data-widget_type=\"image.default\">\n\t\t\t\t\t\t\t\t\t\t\t\t\t\t\t<img loading=\"lazy\" decoding=\"async\" width=\"600\" height=\"600\" src=\"https:\/\/sewersol.com\/wp-content\/uploads\/2020\/09\/delta-plumbing-parts-miami.png\" class=\"attachment-large size-large wp-image-760\" alt=\"delta plumbing parts miami\" srcset=\"https:\/\/sewersol.com\/wp-content\/uploads\/2020\/09\/delta-plumbing-parts-miami.png 600w, https:\/\/sewersol.com\/wp-content\/uploads\/2020\/09\/delta-plumbing-parts-miami-300x300.png 300w, https:\/\/sewersol.com\/wp-content\/uploads\/2020\/09\/delta-plumbing-parts-miami-150x150.png 150w\" sizes=\"(max-width: 600px) 100vw, 600px\" \/>\t\t\t\t\t\t\t\t\t\t\t\t\t\t\t<\/div>\n\t\t\t\t\t<\/div>\n\t\t<\/div>\n\t\t\t\t\t<\/div>\n\t\t<\/section>\n\t\t\t\t<section class=\"elementor-section elementor-top-section elementor-element elementor-element-2ce4d5fb elementor-section-full_width elementor-section-height-default elementor-section-height-default\" data-id=\"2ce4d5fb\" data-element_type=\"section\" data-e-type=\"section\">\n\t\t\t\t\t\t<div class=\"elementor-container elementor-column-gap-no\">\n\t\t\t\t\t<div class=\"elementor-column elementor-col-100 elementor-top-column elementor-element elementor-element-5dd1ab8b\" data-id=\"5dd1ab8b\" data-element_type=\"column\" data-e-type=\"column\">\n\t\t\t<div class=\"elementor-widget-wrap elementor-element-populated\">\n\t\t\t\t\t\t<div class=\"elementor-element elementor-element-7ec8c51a elementor-widget elementor-widget-global elementor-global-2872 elementor-widget-html\" data-id=\"7ec8c51a\" data-element_type=\"widget\" data-e-type=\"widget\" data-widget_type=\"html.default\">\n\t\t\t\t\t<!-- ARCHIFX: ANGLED FLOW BREAKER (SEWER SOLUTIONS BRAND) -->\r\n<div style=\"position: relative; width: 100%; height: 160px; overflow: hidden; line-height: 0;\">\r\n  <svg viewbox=\"0 0 1200 160\" preserveaspectratio=\"none\" style=\"position:absolute; width:100%; height:100%;\">\r\n    \r\n    <!-- BACK LAYER: dark gray jagged channel -->\r\n    <path fill=\"#1B1B1B\">\r\n      <animate attributename=\"d\" dur=\"20s\" repeatcount=\"indefinite\" values=\"        M0,50 L150,40 L300,60 L450,50 L600,70 L750,50 L900,60 L1050,40 L1200,50 L1200,160 L0,160 Z;        M0,55 L150,45 L300,65 L450,55 L600,75 L750,55 L900,65 L1050,45 L1200,55 L1200,160 L0,160 Z;        M0,50 L150,40 L300,60 L450,50 L600,70 L750,50 L900,60 L1050,40 L1200,50 L1200,160 L0,160 Z      \" \/>\r\n    <\/path>\r\n\r\n    <!-- FRONT LAYER: brand red with offset cuts -->\r\n    <path fill=\"#8B2323\" opacity=\"0.9\">\r\n      <animate attributename=\"d\" dur=\"24s\" repeatcount=\"indefinite\" values=\"        M0,90 L120,80 L240,100 L360,85 L480,105 L600,85 L720,100 L840,80 L960,95 L1080,85 L1200,90 L1200,160 L0,160 Z;        M0,95 L120,85 L240,105 L360,90 L480,110 L600,90 L720,105 L840,85 L960,100 L1080,90 L1200,95 L1200,160 L0,160 Z;        M0,90 L120,80 L240,100 L360,85 L480,105 L600,85 L720,100 L840,80 L960,95 L1080,85 L1200,90 L1200,160 L0,160 Z      \" \/>\r\n    <\/path>\r\n\r\n  <\/svg>\r\n<\/div>\r\n<!-- ARCHIFX END -->\r\n\t\t\t\t<\/div>\n\t\t\t\t\t<\/div>\n\t\t<\/div>\n\t\t\t\t\t<\/div>\n\t\t<\/section>\n\t\t\t\t<\/div>","protected":false},"excerpt":{"rendered":"<p>Los servicios de instalaci\u00f3n de grifos y accesorios en Miami y Fort Lauderdale de Sewer Solutions garantizan que sus accesorios de cocina, ba\u00f1o y servicios p\u00fablicos est\u00e9n instalados correctamente para un rendimiento duradero. Nuestros plomeros manejan todo, desde nuevas actualizaciones de grifos hasta reemplazos completos de accesorios, proporcionando conexiones precisas, resultados sin fugas y un acabado pulido que mejora tanto la funci\u00f3n como la apariencia de su sistema de plomer\u00eda.<\/p>","protected":false},"author":1,"featured_media":2809,"parent":0,"menu_order":0,"comment_status":"closed","ping_status":"closed","template":"","meta":{"footnotes":""},"class_list":["post-539","page","type-page","status-publish","has-post-thumbnail","hentry"],"_links":{"self":[{"href":"https:\/\/sewersol.com\/es\/wp-json\/wp\/v2\/pages\/539","targetHints":{"allow":["GET"]}}],"collection":[{"href":"https:\/\/sewersol.com\/es\/wp-json\/wp\/v2\/pages"}],"about":[{"href":"https:\/\/sewersol.com\/es\/wp-json\/wp\/v2\/types\/page"}],"author":[{"embeddable":true,"href":"https:\/\/sewersol.com\/es\/wp-json\/wp\/v2\/users\/1"}],"replies":[{"embeddable":true,"href":"https:\/\/sewersol.com\/es\/wp-json\/wp\/v2\/comments?post=539"}],"version-history":[{"count":18,"href":"https:\/\/sewersol.com\/es\/wp-json\/wp\/v2\/pages\/539\/revisions"}],"predecessor-version":[{"id":3103,"href":"https:\/\/sewersol.com\/es\/wp-json\/wp\/v2\/pages\/539\/revisions\/3103"}],"wp:featuredmedia":[{"embeddable":true,"href":"https:\/\/sewersol.com\/es\/wp-json\/wp\/v2\/media\/2809"}],"wp:attachment":[{"href":"https:\/\/sewersol.com\/es\/wp-json\/wp\/v2\/media?parent=539"}],"curies":[{"name":"wp","href":"https:\/\/api.w.org\/{rel}","templated":true}]}}